{"id":109,"date":"2016-05-10T14:48:16","date_gmt":"2016-05-10T13:48:16","guid":{"rendered":"http:\/\/laiguilledutemps.fr\/?page_id=109"},"modified":"2020-06-04T15:33:43","modified_gmt":"2020-06-04T14:33:43","slug":"mentions-legales","status":"publish","type":"page","link":"https:\/\/laiguilledutemps.fr\/index.php\/mentions-legales\/","title":{"rendered":"Mentions L\u00e9gales"},"content":{"rendered":"<div id=\"pl-109\"  class=\"panel-layout\" ><div id=\"pg-109-0\"  class=\"panel-grid panel-no-style\" ><div id=\"pgc-109-0-0\"  class=\"panel-grid-cell\" ><div id=\"panel-109-0-0-0\" class=\"so-panel widget widget_sow-editor panel-first-child panel-last-child\" data-index=\"0\" ><div\n\t\t\t\n\t\t\tclass=\"so-widget-sow-editor so-widget-sow-editor-base\"\n\t\t\t\n\t\t>\n<div class=\"siteorigin-widget-tinymce textwidget\">\n\t<p>Le pr\u00e9sent site internet est la propri\u00e9t\u00e9 de Linda Lautour.<\/p>\n<p>Directeur de la publication: Linda Lautour<\/p>\n<p>Vous pouvez me contacter par mail en <a href=\"http:\/\/laiguilledutemps.fr\/index.php\/contact\/\">cliquant ici<\/a>.<\/p>\n<p>Linda Lautour est membre de la coop\u00e9rative Smart Rennes<br \/>\n8 Place du Colombier 35000 Rennes<br \/>\nN\u00b0 Siret: 50158950100052-NAF 8211Z<\/p>\n<p>Prestataire technique (h\u00e9bergeur):<br \/>\nOVH<br \/>\n2 rue Kellermann<br \/>\n59100 Roubaix, Frnace<\/p>\n<p>Propri\u00e9t\u00e9 Intellectuelle :<br \/>\nLe pr\u00e9sent site est la propri\u00e9t\u00e9 de l'Aiguille Du Temps, qui en est l'auteur au sens des articles L. 111.1 et suivants du Code de la propri\u00e9t\u00e9 intellectuelle.<br \/>\nLes photographies, textes, slogans, dessins, images, s\u00e9quences anim\u00e9es sonores ou non ainsi que toutes \u0153uvres int\u00e9gr\u00e9es dans le site sont la propri\u00e9t\u00e9 de de l'Aiguille Du Temps ou de tiers ayant autoris\u00e9 L'Aiguille Du Temps \u00e0 les utiliser.<\/p>\n<p>La reproduction, sur un support papier ou informatique, du site est autoris\u00e9e sous r\u00e9serve qu'elle soit strictement r\u00e9serv\u00e9e \u00e0 un usage personnel, excluant tout usage \u00e0 des fins publicitaires et\/ou commerciales et\/ou d'informations, et qu'elle soit conforme aux dispositions de l'article L122-5 du Code de la Propri\u00e9t\u00e9 Intellectuelle.<\/p>\n<\/div>\n<\/div><\/div><\/div><\/div><\/div>","protected":false},"excerpt":{"rendered":"<p>Le pr\u00e9sent site internet est la propri\u00e9t\u00e9 de Linda Lautour. Directeur de la publication: Linda Lautour Vous pouvez me contacter par mail en cliquant ici. Linda Lautour est membre de la coop\u00e9rative Smart Rennes 8 Place du Colombier 35000 Rennes N\u00b0 Siret: 50158950100052-NAF 8211Z Prestataire technique (h\u00e9bergeur): OVH 2 rue Kellermann 59100 Roubaix, Frnace Propri\u00e9t\u00e9 [&hellip;]<\/p>\n","protected":false},"author":2,"featured_media":0,"parent":0,"menu_order":0,"comment_status":"closed","ping_status":"closed","template":"","meta":{"jetpack_post_was_ever_published":false,"footnotes":""},"class_list":["post-109","page","type-page","status-publish","hentry"],"yoast_head":"<!-- This site is optimized with the Yoast SEO plugin v27.5 - https:\/\/yoast.com\/product\/yoast-seo-wordpress\/ -->\n<title>Mentions L\u00e9gales - Linda Lautour<\/title>\n<meta name=\"robots\" content=\"index, follow, max-snippet:-1, max-image-preview:large, max-video-preview:-1\" \/>\n<link rel=\"canonical\" href=\"https:\/\/laiguilledutemps.fr\/index.php\/mentions-legales\/\" \/>\n<meta property=\"og:locale\" content=\"fr_FR\" \/>\n<meta property=\"og:type\" content=\"article\" \/>\n<meta property=\"og:title\" content=\"Mentions L\u00e9gales - Linda Lautour\" \/>\n<meta property=\"og:description\" content=\"Le pr\u00e9sent site internet est la propri\u00e9t\u00e9 de Linda Lautour. Directeur de la publication: Linda Lautour Vous pouvez me contacter par mail en cliquant ici. Linda Lautour est membre de la coop\u00e9rative Smart Rennes 8 Place du Colombier 35000 Rennes N\u00b0 Siret: 50158950100052-NAF 8211Z Prestataire technique (h\u00e9bergeur): OVH 2 rue Kellermann 59100 Roubaix, Frnace Propri\u00e9t\u00e9 [&hellip;]\" \/>\n<meta property=\"og:url\" content=\"https:\/\/laiguilledutemps.fr\/index.php\/mentions-legales\/\" \/>\n<meta property=\"og:site_name\" content=\"Linda Lautour\" \/>\n<meta property=\"article:publisher\" content=\"https:\/\/www.facebook.com\/aiguilledutemps\" \/>\n<meta property=\"article:modified_time\" content=\"2020-06-04T14:33:43+00:00\" \/>\n<meta name=\"twitter:card\" content=\"summary_large_image\" \/>\n<meta name=\"twitter:label1\" content=\"Dur\u00e9e de lecture estim\u00e9e\" \/>\n\t<meta name=\"twitter:data1\" content=\"1 minute\" \/>\n<script type=\"application\/ld+json\" class=\"yoast-schema-graph\">{\"@context\":\"https:\\\/\\\/schema.org\",\"@graph\":[{\"@type\":\"WebPage\",\"@id\":\"https:\\\/\\\/laiguilledutemps.fr\\\/index.php\\\/mentions-legales\\\/\",\"url\":\"https:\\\/\\\/laiguilledutemps.fr\\\/index.php\\\/mentions-legales\\\/\",\"name\":\"Mentions L\u00e9gales - Linda Lautour\",\"isPartOf\":{\"@id\":\"https:\\\/\\\/laiguilledutemps.fr\\\/#website\"},\"datePublished\":\"2016-05-10T13:48:16+00:00\",\"dateModified\":\"2020-06-04T14:33:43+00:00\",\"breadcrumb\":{\"@id\":\"https:\\\/\\\/laiguilledutemps.fr\\\/index.php\\\/mentions-legales\\\/#breadcrumb\"},\"inLanguage\":\"fr-FR\",\"potentialAction\":[{\"@type\":\"ReadAction\",\"target\":[\"https:\\\/\\\/laiguilledutemps.fr\\\/index.php\\\/mentions-legales\\\/\"]}]},{\"@type\":\"BreadcrumbList\",\"@id\":\"https:\\\/\\\/laiguilledutemps.fr\\\/index.php\\\/mentions-legales\\\/#breadcrumb\",\"itemListElement\":[{\"@type\":\"ListItem\",\"position\":1,\"name\":\"Accueil\",\"item\":\"https:\\\/\\\/laiguilledutemps.fr\\\/\"},{\"@type\":\"ListItem\",\"position\":2,\"name\":\"Mentions L\u00e9gales\"}]},{\"@type\":\"WebSite\",\"@id\":\"https:\\\/\\\/laiguilledutemps.fr\\\/#website\",\"url\":\"https:\\\/\\\/laiguilledutemps.fr\\\/\",\"name\":\"Linda Lautour\",\"description\":\"Technicienne Mod\u00e8le Lingerie Baln\u00e9aire Freelance\",\"potentialAction\":[{\"@type\":\"SearchAction\",\"target\":{\"@type\":\"EntryPoint\",\"urlTemplate\":\"https:\\\/\\\/laiguilledutemps.fr\\\/?s={search_term_string}\"},\"query-input\":{\"@type\":\"PropertyValueSpecification\",\"valueRequired\":true,\"valueName\":\"search_term_string\"}}],\"inLanguage\":\"fr-FR\"}]}<\/script>\n<!-- \/ Yoast SEO plugin. -->","yoast_head_json":{"title":"Mentions L\u00e9gales - Linda Lautour","robots":{"index":"index","follow":"follow","max-snippet":"max-snippet:-1","max-image-preview":"max-image-preview:large","max-video-preview":"max-video-preview:-1"},"canonical":"https:\/\/laiguilledutemps.fr\/index.php\/mentions-legales\/","og_locale":"fr_FR","og_type":"article","og_title":"Mentions L\u00e9gales - Linda Lautour","og_description":"Le pr\u00e9sent site internet est la propri\u00e9t\u00e9 de Linda Lautour. Directeur de la publication: Linda Lautour Vous pouvez me contacter par mail en cliquant ici. Linda Lautour est membre de la coop\u00e9rative Smart Rennes 8 Place du Colombier 35000 Rennes N\u00b0 Siret: 50158950100052-NAF 8211Z Prestataire technique (h\u00e9bergeur): OVH 2 rue Kellermann 59100 Roubaix, Frnace Propri\u00e9t\u00e9 [&hellip;]","og_url":"https:\/\/laiguilledutemps.fr\/index.php\/mentions-legales\/","og_site_name":"Linda Lautour","article_publisher":"https:\/\/www.facebook.com\/aiguilledutemps","article_modified_time":"2020-06-04T14:33:43+00:00","twitter_card":"summary_large_image","twitter_misc":{"Dur\u00e9e de lecture estim\u00e9e":"1 minute"},"schema":{"@context":"https:\/\/schema.org","@graph":[{"@type":"WebPage","@id":"https:\/\/laiguilledutemps.fr\/index.php\/mentions-legales\/","url":"https:\/\/laiguilledutemps.fr\/index.php\/mentions-legales\/","name":"Mentions L\u00e9gales - Linda Lautour","isPartOf":{"@id":"https:\/\/laiguilledutemps.fr\/#website"},"datePublished":"2016-05-10T13:48:16+00:00","dateModified":"2020-06-04T14:33:43+00:00","breadcrumb":{"@id":"https:\/\/laiguilledutemps.fr\/index.php\/mentions-legales\/#breadcrumb"},"inLanguage":"fr-FR","potentialAction":[{"@type":"ReadAction","target":["https:\/\/laiguilledutemps.fr\/index.php\/mentions-legales\/"]}]},{"@type":"BreadcrumbList","@id":"https:\/\/laiguilledutemps.fr\/index.php\/mentions-legales\/#breadcrumb","itemListElement":[{"@type":"ListItem","position":1,"name":"Accueil","item":"https:\/\/laiguilledutemps.fr\/"},{"@type":"ListItem","position":2,"name":"Mentions L\u00e9gales"}]},{"@type":"WebSite","@id":"https:\/\/laiguilledutemps.fr\/#website","url":"https:\/\/laiguilledutemps.fr\/","name":"Linda Lautour","description":"Technicienne Mod\u00e8le Lingerie Baln\u00e9aire Freelance","potentialAction":[{"@type":"SearchAction","target":{"@type":"EntryPoint","urlTemplate":"https:\/\/laiguilledutemps.fr\/?s={search_term_string}"},"query-input":{"@type":"PropertyValueSpecification","valueRequired":true,"valueName":"search_term_string"}}],"inLanguage":"fr-FR"}]}},"jetpack_sharing_enabled":true,"jetpack_shortlink":"https:\/\/wp.me\/P7zI7E-1L","jetpack-related-posts":[{"id":22,"url":"https:\/\/laiguilledutemps.fr\/index.php\/22-2\/","url_meta":{"origin":109,"position":0},"title":"Accueil","author":"LInda Lautour","date":"3 mai 2016","format":false,"excerpt":"M\u00e9canicienne Mod\u00e8le Lingerie Costumi\u00e8re\/ Habilleuse\/ Modiste","rel":"","context":"Article similaire","block_context":{"text":"Article similaire","link":""},"img":{"alt_text":"","src":"","width":0,"height":0},"classes":[]},{"id":68,"url":"https:\/\/laiguilledutemps.fr\/index.php\/contact\/","url_meta":{"origin":109,"position":1},"title":"Contact","author":"LInda Lautour","date":"10 mai 2016","format":false,"excerpt":"[contact-form-7 id=\"186\" title=\"Mon Formulaire de Contact\"]","rel":"","context":"Article similaire","block_context":{"text":"Article similaire","link":""},"img":{"alt_text":"","src":"","width":0,"height":0},"classes":[]},{"id":66,"url":"https:\/\/laiguilledutemps.fr\/index.php\/cv\/","url_meta":{"origin":109,"position":2},"title":"CV","author":"LInda Lautour","date":"10 mai 2016","format":false,"excerpt":"Exp\u00e9riences Professionnelles: M\u00e9canicienne mod\u00e8le Lingerie\/ Baln\u00e9aire\/ Beachwear:\u00a0 Aubade, Ravage, Darjeeling, Lou, Variance, Bestform, Princesse Tam-Tam, Eres \u00a0 Costumi\u00e8re\/ Habilleuse: Disneyland Resort Paris, Moulin Rouge, Compagnie Pandora, Les Film de la Strada, Jeu de R\u00f4le\/ Grandeur Nature (Harry Potter, Pandorya) \u00a0 Etudes: BEP m\u00e9tiers de la Mode et industrie connexe DTMS\u2026","rel":"","context":"Article similaire","block_context":{"text":"Article similaire","link":""},"img":{"alt_text":"","src":"","width":0,"height":0},"classes":[]},{"id":305,"url":"https:\/\/laiguilledutemps.fr\/index.php\/gilet-en-velours-coton-synthetique-homme-sur-mesure\/","url_meta":{"origin":109,"position":3},"title":"Gilet en velours\/ coton synth\u00e9tique homme sur-mesure","author":"LInda Lautour","date":"25 mai 2016","format":false,"excerpt":"\u00a0","rel":"","context":"Article similaire","block_context":{"text":"Article similaire","link":""},"img":{"alt_text":"Gilet en velours\/ coton synth\u00e9tique homme sur-mesure","src":"https:\/\/i0.wp.com\/laiguilledutemps.fr\/wp-content\/uploads\/2016\/05\/SDC13355.jpg?fit=900%2C1200&ssl=1&resize=350%2C200","width":350,"height":200,"srcset":"https:\/\/i0.wp.com\/laiguilledutemps.fr\/wp-content\/uploads\/2016\/05\/SDC13355.jpg?fit=900%2C1200&ssl=1&resize=350%2C200 1x, https:\/\/i0.wp.com\/laiguilledutemps.fr\/wp-content\/uploads\/2016\/05\/SDC13355.jpg?fit=900%2C1200&ssl=1&resize=525%2C300 1.5x, https:\/\/i0.wp.com\/laiguilledutemps.fr\/wp-content\/uploads\/2016\/05\/SDC13355.jpg?fit=900%2C1200&ssl=1&resize=700%2C400 2x"},"classes":[]},{"id":301,"url":"https:\/\/laiguilledutemps.fr\/index.php\/actualite\/","url_meta":{"origin":109,"position":4},"title":"Actualit\u00e9s","author":"Linda Lautour\/ L'Aiguille Du Temps","date":"25 mai 2016","format":false,"excerpt":"","rel":"","context":"Article similaire","block_context":{"text":"Article similaire","link":""},"img":{"alt_text":"","src":"","width":0,"height":0},"classes":[]},{"id":315,"url":"https:\/\/laiguilledutemps.fr\/index.php\/partenaires\/","url_meta":{"origin":109,"position":5},"title":"Partenaires","author":"Linda Lautour\/ L'Aiguille Du Temps","date":"26 mai 2016","format":false,"excerpt":"","rel":"","context":"Article similaire","block_context":{"text":"Article similaire","link":""},"img":{"alt_text":"","src":"","width":0,"height":0},"classes":[]}],"_links":{"self":[{"href":"https:\/\/laiguilledutemps.fr\/index.php\/wp-json\/wp\/v2\/pages\/109","targetHints":{"allow":["GET"]}}],"collection":[{"href":"https:\/\/laiguilledutemps.fr\/index.php\/wp-json\/wp\/v2\/pages"}],"about":[{"href":"https:\/\/laiguilledutemps.fr\/index.php\/wp-json\/wp\/v2\/types\/page"}],"author":[{"embeddable":true,"href":"https:\/\/laiguilledutemps.fr\/index.php\/wp-json\/wp\/v2\/users\/2"}],"replies":[{"embeddable":true,"href":"https:\/\/laiguilledutemps.fr\/index.php\/wp-json\/wp\/v2\/comments?post=109"}],"version-history":[{"count":7,"href":"https:\/\/laiguilledutemps.fr\/index.php\/wp-json\/wp\/v2\/pages\/109\/revisions"}],"predecessor-version":[{"id":212,"href":"https:\/\/laiguilledutemps.fr\/index.php\/wp-json\/wp\/v2\/pages\/109\/revisions\/212"}],"wp:attachment":[{"href":"https:\/\/laiguilledutemps.fr\/index.php\/wp-json\/wp\/v2\/media?parent=109"}],"curies":[{"name":"wp","href":"https:\/\/api.w.org\/{rel}","templated":true}]}}