{"id":68,"date":"2016-05-10T09:35:54","date_gmt":"2016-05-10T08:35:54","guid":{"rendered":"http:\/\/laiguilledutemps.fr\/?page_id=68"},"modified":"2016-05-26T23:25:51","modified_gmt":"2016-05-26T22:25:51","slug":"contact","status":"publish","type":"page","link":"https:\/\/laiguilledutemps.fr\/index.php\/contact\/","title":{"rendered":"Contact"},"content":{"rendered":"<p>[contact-form-7 id=\u00a0\u00bb186&Prime; title=\u00a0\u00bbMon Formulaire de Contact\u00a0\u00bb]<\/p>\n","protected":false},"excerpt":{"rendered":"<p>[contact-form-7 id=\u00a0\u00bb186&Prime; title=\u00a0\u00bbMon Formulaire de Contact\u00a0\u00bb]<\/p>\n","protected":false},"author":2,"featured_media":0,"parent":0,"menu_order":0,"comment_status":"closed","ping_status":"closed","template":"","meta":{"footnotes":""},"class_list":["post-68","page","type-page","status-publish","hentry"],"yoast_head":"<!-- This site is optimized with the Yoast SEO plugin v27.6 - https:\/\/yoast.com\/product\/yoast-seo-wordpress\/ -->\n<title>Contact - Linda Lautour<\/title>\n<meta name=\"robots\" content=\"index, follow, max-snippet:-1, max-image-preview:large, max-video-preview:-1\" \/>\n<link rel=\"canonical\" href=\"https:\/\/laiguilledutemps.fr\/index.php\/contact\/\" \/>\n<meta property=\"og:locale\" content=\"fr_FR\" \/>\n<meta property=\"og:type\" content=\"article\" \/>\n<meta property=\"og:title\" content=\"Contact - Linda Lautour\" \/>\n<meta property=\"og:description\" content=\"[contact-form-7 id=\u00a0\u00bb186&Prime; title=\u00a0\u00bbMon Formulaire de Contact\u00a0\u00bb]\" \/>\n<meta property=\"og:url\" content=\"https:\/\/laiguilledutemps.fr\/index.php\/contact\/\" \/>\n<meta property=\"og:site_name\" content=\"Linda Lautour\" \/>\n<meta property=\"article:publisher\" content=\"https:\/\/www.facebook.com\/aiguilledutemps\" \/>\n<meta property=\"article:modified_time\" content=\"2016-05-26T22:25:51+00:00\" \/>\n<meta name=\"twitter:card\" content=\"summary_large_image\" \/>\n<script type=\"application\/ld+json\" class=\"yoast-schema-graph\">{\"@context\":\"https:\\\/\\\/schema.org\",\"@graph\":[{\"@type\":\"WebPage\",\"@id\":\"https:\\\/\\\/laiguilledutemps.fr\\\/index.php\\\/contact\\\/\",\"url\":\"https:\\\/\\\/laiguilledutemps.fr\\\/index.php\\\/contact\\\/\",\"name\":\"Contact - Linda Lautour\",\"isPartOf\":{\"@id\":\"https:\\\/\\\/laiguilledutemps.fr\\\/#website\"},\"datePublished\":\"2016-05-10T08:35:54+00:00\",\"dateModified\":\"2016-05-26T22:25:51+00:00\",\"breadcrumb\":{\"@id\":\"https:\\\/\\\/laiguilledutemps.fr\\\/index.php\\\/contact\\\/#breadcrumb\"},\"inLanguage\":\"fr-FR\",\"potentialAction\":[{\"@type\":\"ReadAction\",\"target\":[\"https:\\\/\\\/laiguilledutemps.fr\\\/index.php\\\/contact\\\/\"]}]},{\"@type\":\"BreadcrumbList\",\"@id\":\"https:\\\/\\\/laiguilledutemps.fr\\\/index.php\\\/contact\\\/#breadcrumb\",\"itemListElement\":[{\"@type\":\"ListItem\",\"position\":1,\"name\":\"Accueil\",\"item\":\"https:\\\/\\\/laiguilledutemps.fr\\\/\"},{\"@type\":\"ListItem\",\"position\":2,\"name\":\"Contact\"}]},{\"@type\":\"WebSite\",\"@id\":\"https:\\\/\\\/laiguilledutemps.fr\\\/#website\",\"url\":\"https:\\\/\\\/laiguilledutemps.fr\\\/\",\"name\":\"Linda Lautour\",\"description\":\"Technicienne Mod\u00e8le Lingerie Baln\u00e9aire Freelance\",\"potentialAction\":[{\"@type\":\"SearchAction\",\"target\":{\"@type\":\"EntryPoint\",\"urlTemplate\":\"https:\\\/\\\/laiguilledutemps.fr\\\/?s={search_term_string}\"},\"query-input\":{\"@type\":\"PropertyValueSpecification\",\"valueRequired\":true,\"valueName\":\"search_term_string\"}}],\"inLanguage\":\"fr-FR\"}]}<\/script>\n<!-- \/ Yoast SEO plugin. -->","yoast_head_json":{"title":"Contact - Linda Lautour","robots":{"index":"index","follow":"follow","max-snippet":"max-snippet:-1","max-image-preview":"max-image-preview:large","max-video-preview":"max-video-preview:-1"},"canonical":"https:\/\/laiguilledutemps.fr\/index.php\/contact\/","og_locale":"fr_FR","og_type":"article","og_title":"Contact - Linda Lautour","og_description":"[contact-form-7 id=\u00a0\u00bb186&Prime; title=\u00a0\u00bbMon Formulaire de Contact\u00a0\u00bb]","og_url":"https:\/\/laiguilledutemps.fr\/index.php\/contact\/","og_site_name":"Linda Lautour","article_publisher":"https:\/\/www.facebook.com\/aiguilledutemps","article_modified_time":"2016-05-26T22:25:51+00:00","twitter_card":"summary_large_image","schema":{"@context":"https:\/\/schema.org","@graph":[{"@type":"WebPage","@id":"https:\/\/laiguilledutemps.fr\/index.php\/contact\/","url":"https:\/\/laiguilledutemps.fr\/index.php\/contact\/","name":"Contact - Linda Lautour","isPartOf":{"@id":"https:\/\/laiguilledutemps.fr\/#website"},"datePublished":"2016-05-10T08:35:54+00:00","dateModified":"2016-05-26T22:25:51+00:00","breadcrumb":{"@id":"https:\/\/laiguilledutemps.fr\/index.php\/contact\/#breadcrumb"},"inLanguage":"fr-FR","potentialAction":[{"@type":"ReadAction","target":["https:\/\/laiguilledutemps.fr\/index.php\/contact\/"]}]},{"@type":"BreadcrumbList","@id":"https:\/\/laiguilledutemps.fr\/index.php\/contact\/#breadcrumb","itemListElement":[{"@type":"ListItem","position":1,"name":"Accueil","item":"https:\/\/laiguilledutemps.fr\/"},{"@type":"ListItem","position":2,"name":"Contact"}]},{"@type":"WebSite","@id":"https:\/\/laiguilledutemps.fr\/#website","url":"https:\/\/laiguilledutemps.fr\/","name":"Linda Lautour","description":"Technicienne Mod\u00e8le Lingerie Baln\u00e9aire Freelance","potentialAction":[{"@type":"SearchAction","target":{"@type":"EntryPoint","urlTemplate":"https:\/\/laiguilledutemps.fr\/?s={search_term_string}"},"query-input":{"@type":"PropertyValueSpecification","valueRequired":true,"valueName":"search_term_string"}}],"inLanguage":"fr-FR"}]}},"jetpack_sharing_enabled":true,"jetpack_shortlink":"https:\/\/wp.me\/P7zI7E-16","jetpack-related-posts":[{"id":447,"url":"https:\/\/laiguilledutemps.fr\/index.php\/il-etait-une-fois\/","url_meta":{"origin":68,"position":0},"title":"Il \u00e9tait une fois&#8230;","author":"Linda Lautour\/ L'Aiguille Du Temps","date":"1 juin 2020","format":false,"excerpt":"La premi\u00e8re fois que j'ai fait la connaissance avec une aiguille \u00e0 coudre, se fut \u00e0 7 ans. Je passait souvent mes vacances d'\u00e9t\u00e9, chez une de mes tantes, qui adorait faire de la couture. Elle adorait me confectionner des costumes. Donc, comme attirer par ces petites fournitures de mercerie,\u2026","rel":"","context":"Article similaire","block_context":{"text":"Article similaire","link":""},"img":{"alt_text":"","src":"","width":0,"height":0},"classes":[]},{"id":72,"url":"https:\/\/laiguilledutemps.fr\/","url_meta":{"origin":68,"position":1},"title":"Qui suis-je?","author":"LInda Lautour","date":"10 mai 2016","format":false,"excerpt":"M\u00e9canicienne Technicienne Mod\u00e8le Lingerie En tant que M\u00e9canicienne Technicienne Mod\u00e8le Lingerie, je r\u00e9alise des prototypes, mises au point et mini-s\u00e9rie de vos produits Lingerie, Baln\u00e9aire, Homewear et Beachwear, dans mon atelier, en Bretagne. Mes 15 ans d'exp\u00e9riences dans les ateliers de bureaux d'\u00e9tudes de cr\u00e9ation, en R\u00e9gion Parisienne, m'ont permis\u2026","rel":"","context":"Article similaire","block_context":{"text":"Article similaire","link":""},"img":{"alt_text":"Piq\u00fbre au point Z lors de la r\u00e9alisation de ma parure pin-up pour le 26\u00e8me concours UMOF en tant que Technicienne Mod\u00e8le Lingerie","src":"https:\/\/i0.wp.com\/laiguilledutemps.fr\/wp-content\/uploads\/2019\/09\/IMG_20190201_120816-300x225.jpg?resize=350%2C200&ssl=1","width":350,"height":200},"classes":[]},{"id":109,"url":"https:\/\/laiguilledutemps.fr\/index.php\/mentions-legales\/","url_meta":{"origin":68,"position":2},"title":"Mentions L\u00e9gales","author":"LInda Lautour","date":"10 mai 2016","format":false,"excerpt":"Le pr\u00e9sent site internet est la propri\u00e9t\u00e9 de Linda Lautour. Directeur de la publication: Linda Lautour Vous pouvez me contacter par mail en cliquant ici. Linda Lautour est membre de la coop\u00e9rative Smart Rennes 8 Place du Colombier 35000 Rennes N\u00b0 Siret: 50158950100052-NAF 8211Z Prestataire technique (h\u00e9bergeur): OVH 2 rue\u2026","rel":"","context":"Article similaire","block_context":{"text":"Article similaire","link":""},"img":{"alt_text":"","src":"","width":0,"height":0},"classes":[]},{"id":70,"url":"https:\/\/laiguilledutemps.fr\/index.php\/costumiere\/","url_meta":{"origin":68,"position":3},"title":"Costumi\u00e8re","author":"LInda Lautour","date":"10 mai 2016","format":false,"excerpt":"En tant que Costumi\u00e8re je r\u00e9alise des costumes Historiques pour le Th\u00e9\u00e2tre, pour la Reconstitution Historique et pour le Jeu de r\u00f4le Grandeur Nature\u00a0( GN) Suite \u00e0 de diverses exp\u00e9riences dans le Monde du Spectacle et le jeu de r\u00f4le Grandeur Nature, je vous propose mes services dans la r\u00e9alisation\u2026","rel":"","context":"Article similaire","block_context":{"text":"Article similaire","link":""},"img":{"alt_text":"Plan de travail d'une costumi\u00e8re","src":"https:\/\/i0.wp.com\/laiguilledutemps.fr\/wp-content\/uploads\/2016\/05\/Plan-de-Travail-costumi%C3%A8re-300x169.jpg?resize=350%2C200","width":350,"height":200},"classes":[]},{"id":66,"url":"https:\/\/laiguilledutemps.fr\/index.php\/cv\/","url_meta":{"origin":68,"position":4},"title":"CV","author":"LInda Lautour","date":"10 mai 2016","format":false,"excerpt":"Exp\u00e9riences Professionnelles: M\u00e9canicienne mod\u00e8le Lingerie\/ Baln\u00e9aire\/ Beachwear:\u00a0 Aubade, Ravage, Darjeeling, Lou, Variance, Bestform, Princesse Tam-Tam, Eres \u00a0 Costumi\u00e8re\/ Habilleuse: Disneyland Resort Paris, Moulin Rouge, Compagnie Pandora, Les Film de la Strada, Jeu de R\u00f4le\/ Grandeur Nature (Harry Potter, Pandorya) \u00a0 Etudes: BEP m\u00e9tiers de la Mode et industrie connexe DTMS\u2026","rel":"","context":"Article similaire","block_context":{"text":"Article similaire","link":""},"img":{"alt_text":"","src":"","width":0,"height":0},"classes":[]},{"id":386,"url":"https:\/\/laiguilledutemps.fr\/index.php\/finaliste-au-concours-un-des-meilleurs-ouvriers-de-france-classe-lingerie-soutien-gorge\/","url_meta":{"origin":68,"position":5},"title":"Article sans titre","author":"Linda Lautour\/ L'Aiguille Du Temps","date":"5 septembre 2019","format":false,"excerpt":"","rel":"","context":"Article similaire","block_context":{"text":"Article similaire","link":""},"img":{"alt_text":"","src":"https:\/\/i0.wp.com\/laiguilledutemps.fr\/wp-content\/uploads\/2019\/09\/DSC_8454.jpg?fit=1200%2C801&ssl=1&resize=350%2C200","width":350,"height":200,"srcset":"https:\/\/i0.wp.com\/laiguilledutemps.fr\/wp-content\/uploads\/2019\/09\/DSC_8454.jpg?fit=1200%2C801&ssl=1&resize=350%2C200 1x, https:\/\/i0.wp.com\/laiguilledutemps.fr\/wp-content\/uploads\/2019\/09\/DSC_8454.jpg?fit=1200%2C801&ssl=1&resize=525%2C300 1.5x, https:\/\/i0.wp.com\/laiguilledutemps.fr\/wp-content\/uploads\/2019\/09\/DSC_8454.jpg?fit=1200%2C801&ssl=1&resize=700%2C400 2x, https:\/\/i0.wp.com\/laiguilledutemps.fr\/wp-content\/uploads\/2019\/09\/DSC_8454.jpg?fit=1200%2C801&ssl=1&resize=1050%2C600 3x"},"classes":[]}],"_links":{"self":[{"href":"https:\/\/laiguilledutemps.fr\/index.php\/wp-json\/wp\/v2\/pages\/68","targetHints":{"allow":["GET"]}}],"collection":[{"href":"https:\/\/laiguilledutemps.fr\/index.php\/wp-json\/wp\/v2\/pages"}],"about":[{"href":"https:\/\/laiguilledutemps.fr\/index.php\/wp-json\/wp\/v2\/types\/page"}],"author":[{"embeddable":true,"href":"https:\/\/laiguilledutemps.fr\/index.php\/wp-json\/wp\/v2\/users\/2"}],"replies":[{"embeddable":true,"href":"https:\/\/laiguilledutemps.fr\/index.php\/wp-json\/wp\/v2\/comments?post=68"}],"version-history":[{"count":8,"href":"https:\/\/laiguilledutemps.fr\/index.php\/wp-json\/wp\/v2\/pages\/68\/revisions"}],"predecessor-version":[{"id":341,"href":"https:\/\/laiguilledutemps.fr\/index.php\/wp-json\/wp\/v2\/pages\/68\/revisions\/341"}],"wp:attachment":[{"href":"https:\/\/laiguilledutemps.fr\/index.php\/wp-json\/wp\/v2\/media?parent=68"}],"curies":[{"name":"wp","href":"https:\/\/api.w.org\/{rel}","templated":true}]}}