{"id":72,"date":"2016-05-10T09:37:31","date_gmt":"2016-05-10T08:37:31","guid":{"rendered":"http:\/\/laiguilledutemps.fr\/?page_id=72"},"modified":"2020-06-04T20:18:12","modified_gmt":"2020-06-04T19:18:12","slug":"technicienne-modele-lingerie-balneaire","status":"publish","type":"page","link":"https:\/\/laiguilledutemps.fr\/","title":{"rendered":"Qui suis-je?"},"content":{"rendered":"<div id=\"pl-72\"  class=\"panel-layout\" ><div id=\"pg-72-0\"  class=\"panel-grid panel-no-style\" ><div id=\"pgc-72-0-0\"  class=\"panel-grid-cell\" ><div id=\"panel-72-0-0-0\" class=\"so-panel widget widget_sow-editor panel-first-child panel-last-child\" data-index=\"0\" ><div\n\t\t\t\n\t\t\tclass=\"so-widget-sow-editor so-widget-sow-editor-base\"\n\t\t\t\n\t\t><h3 class=\"widget-title\"> M\u00e9canicienne Technicienne Mod\u00e8le Lingerie<\/h3>\n<div class=\"siteorigin-widget-tinymce textwidget\">\n\t<p style=\"text-align: center;\">En tant que M\u00e9canicienne Technicienne Mod\u00e8le Lingerie, je r\u00e9alise des prototypes, mises au point et mini-s\u00e9rie de vos produits <strong>Lingerie, Baln\u00e9aire, Homewear et<\/strong> <strong>Beachwear<\/strong>, dans mon atelier, en Bretagne.<\/p>\n<p><a href=\"https:\/\/i0.wp.com\/laiguilledutemps.fr\/wp-content\/uploads\/2019\/09\/IMG_20190201_120816.jpg\" rel=\"lightbox[72]\"><img data-recalc-dims=\"1\" loading=\"lazy\" decoding=\"async\" class=\"alignnone wp-image-411 size-medium\" src=\"https:\/\/i0.wp.com\/laiguilledutemps.fr\/wp-content\/uploads\/2019\/09\/IMG_20190201_120816.jpg?resize=300%2C225&#038;ssl=1\" alt=\"Piq\u00fbre au point Z lors de la r\u00e9alisation de ma parure pin-up pour le 26\u00e8me concours UMOF en tant que Technicienne Mod\u00e8le Lingerie\" width=\"300\" height=\"225\" srcset=\"https:\/\/i0.wp.com\/laiguilledutemps.fr\/wp-content\/uploads\/2019\/09\/IMG_20190201_120816.jpg?resize=300%2C225&amp;ssl=1 300w, https:\/\/i0.wp.com\/laiguilledutemps.fr\/wp-content\/uploads\/2019\/09\/IMG_20190201_120816.jpg?resize=768%2C576&amp;ssl=1 768w, https:\/\/i0.wp.com\/laiguilledutemps.fr\/wp-content\/uploads\/2019\/09\/IMG_20190201_120816.jpg?resize=1024%2C768&amp;ssl=1 1024w, https:\/\/i0.wp.com\/laiguilledutemps.fr\/wp-content\/uploads\/2019\/09\/IMG_20190201_120816.jpg?w=2048&amp;ssl=1 2048w\" sizes=\"auto, (max-width: 300px) 100vw, 300px\" \/><\/a><\/p>\n<p style=\"text-align: left;\">Mes 15 ans d'exp\u00e9riences dans les ateliers de bureaux d'\u00e9tudes de cr\u00e9ation, en R\u00e9gion Parisienne, m'ont permis d'acqu\u00e9rir des comp\u00e9tences et un savoir-faire unique dans mon m\u00e9tier de M\u00e9canicienne Technicienne Mod\u00e8le Lingerie \/ Baln\u00e9aire.<\/p>\n<p style=\"text-align: left;\">J'ai pu travailler pour les marques:<\/p>\n<p style=\"text-align: left;\"><strong>Aubade,\u00a0<\/strong><strong>Ravage,\u00a0<\/strong><strong>Darjeeling,\u00a0<\/strong><strong>Lou,\u00a0<\/strong><strong>Variance,\u00a0<\/strong><strong>Bestform,\u00a0<\/strong><strong>Princesse Tam- Tam,\u00a0<\/strong><strong>Eres, Le Slip Fran\u00e7ais, Maison Alice Cadolle, Paloma Casile<\/strong><\/p>\n<p>Aujourd'hui en Free-lance, je r\u00e9alise les premiers prototypes, la mise au point de la taille de base \u00e0 la gradation, des produits finis, ainsi que la fiche de montage du produit pour mes clients.<\/p>\n<p>Les produits sont d\u00e9di\u00e9s pour:<\/p>\n<p><strong>Le show-room, La Presse, <\/strong><strong>Le Shooting Photo,\u00a0<\/strong><strong>Le D\u00e9fil\u00e9,\u00a0<\/strong><strong>Le Salon de la Lingerie,\u00a0<\/strong><strong>La Boutique<\/strong><\/p>\n<p>J'adapte mes connaissances et mon exp\u00e9rience selon vos besoins r\u00e9els.<\/p>\n<p>Je vous propose un montage, le plus appropri\u00e9 pour vos produits.<\/p>\n<p>Je me tiens \u00e0 votre disposition pour toutes informations compl\u00e9mentaires.<\/p>\n<p style=\"text-align: left;\">\u00a0N'h\u00e9sitez pas \u00e0 me <a href=\"http:\/\/laiguilledutemps.fr\/index.php\/contact\/\" target=\"_blank\" rel=\"noopener\">contacter<\/a><\/p>\n<\/div>\n<\/div><\/div><\/div><\/div><\/div>","protected":false},"excerpt":{"rendered":"<p>En tant que M\u00e9canicienne Technicienne Mod\u00e8le Lingerie, je r\u00e9alise des prototypes, mises au point et mini-s\u00e9rie de vos produits Lingerie, Baln\u00e9aire, Homewear et Beachwear, dans mon atelier, en Bretagne. Mes 15 ans d&rsquo;exp\u00e9riences dans les ateliers de bureaux d&rsquo;\u00e9tudes de cr\u00e9ation, en R\u00e9gion Parisienne, m&rsquo;ont permis d&rsquo;acqu\u00e9rir des comp\u00e9tences et un savoir-faire unique dans mon [&hellip;]<\/p>\n","protected":false},"author":2,"featured_media":0,"parent":0,"menu_order":0,"comment_status":"closed","ping_status":"closed","template":"","meta":{"jetpack_post_was_ever_published":false,"footnotes":""},"class_list":["post-72","page","type-page","status-publish","hentry"],"yoast_head":"<!-- This site is optimized with the Yoast SEO plugin v27.3 - https:\/\/yoast.com\/product\/yoast-seo-wordpress\/ -->\n<title>M\u00e9canicienne Technicienne Mod\u00e8le Lingerie baln\u00e9aire prototypes<\/title>\n<meta name=\"description\" content=\"M\u00e9canicienne Technicienne Mod\u00e8le Lingerie: Je vous propose mes comp\u00e9tences et mon savoir-faire dans la r\u00e9alisation de vos prototypes Lingerie, Baln\u00e9aire, Beachwear.\" \/>\n<meta name=\"robots\" content=\"index, follow, max-snippet:-1, max-image-preview:large, max-video-preview:-1\" \/>\n<link rel=\"canonical\" href=\"https:\/\/laiguilledutemps.fr\/\" \/>\n<meta property=\"og:locale\" content=\"fr_FR\" \/>\n<meta property=\"og:type\" content=\"article\" \/>\n<meta property=\"og:title\" content=\"M\u00e9canicienne Technicienne Mod\u00e8le Lingerie baln\u00e9aire prototypes\" \/>\n<meta property=\"og:description\" content=\"M\u00e9canicienne Technicienne Mod\u00e8le Lingerie: Je vous propose mes comp\u00e9tences et mon savoir-faire dans la r\u00e9alisation de vos prototypes Lingerie, Baln\u00e9aire, Beachwear.\" \/>\n<meta property=\"og:url\" content=\"https:\/\/laiguilledutemps.fr\/\" \/>\n<meta property=\"og:site_name\" content=\"Linda Lautour\" \/>\n<meta property=\"article:publisher\" content=\"https:\/\/www.facebook.com\/aiguilledutemps\" \/>\n<meta property=\"article:modified_time\" content=\"2020-06-04T19:18:12+00:00\" \/>\n<meta property=\"og:image\" content=\"https:\/\/laiguilledutemps.fr\/wp-content\/uploads\/2019\/09\/IMG_20190201_120816-300x225.jpg\" \/>\n<meta name=\"twitter:card\" content=\"summary_large_image\" \/>\n<meta name=\"twitter:label1\" content=\"Dur\u00e9e de lecture estim\u00e9e\" \/>\n\t<meta name=\"twitter:data1\" content=\"1 minute\" \/>\n<script type=\"application\/ld+json\" class=\"yoast-schema-graph\">{\"@context\":\"https:\\\/\\\/schema.org\",\"@graph\":[{\"@type\":\"WebPage\",\"@id\":\"https:\\\/\\\/laiguilledutemps.fr\\\/\",\"url\":\"https:\\\/\\\/laiguilledutemps.fr\\\/\",\"name\":\"M\u00e9canicienne Technicienne Mod\u00e8le Lingerie baln\u00e9aire prototypes\",\"isPartOf\":{\"@id\":\"https:\\\/\\\/laiguilledutemps.fr\\\/#website\"},\"primaryImageOfPage\":{\"@id\":\"https:\\\/\\\/laiguilledutemps.fr\\\/#primaryimage\"},\"image\":{\"@id\":\"https:\\\/\\\/laiguilledutemps.fr\\\/#primaryimage\"},\"thumbnailUrl\":\"https:\\\/\\\/laiguilledutemps.fr\\\/wp-content\\\/uploads\\\/2019\\\/09\\\/IMG_20190201_120816-300x225.jpg\",\"datePublished\":\"2016-05-10T08:37:31+00:00\",\"dateModified\":\"2020-06-04T19:18:12+00:00\",\"description\":\"M\u00e9canicienne Technicienne Mod\u00e8le Lingerie: Je vous propose mes comp\u00e9tences et mon savoir-faire dans la r\u00e9alisation de vos prototypes Lingerie, Baln\u00e9aire, Beachwear.\",\"breadcrumb\":{\"@id\":\"https:\\\/\\\/laiguilledutemps.fr\\\/#breadcrumb\"},\"inLanguage\":\"fr-FR\",\"potentialAction\":[{\"@type\":\"ReadAction\",\"target\":[\"https:\\\/\\\/laiguilledutemps.fr\\\/\"]}]},{\"@type\":\"ImageObject\",\"inLanguage\":\"fr-FR\",\"@id\":\"https:\\\/\\\/laiguilledutemps.fr\\\/#primaryimage\",\"url\":\"https:\\\/\\\/i0.wp.com\\\/laiguilledutemps.fr\\\/wp-content\\\/uploads\\\/2019\\\/09\\\/IMG_20190201_120816.jpg?fit=2048%2C1536&ssl=1\",\"contentUrl\":\"https:\\\/\\\/i0.wp.com\\\/laiguilledutemps.fr\\\/wp-content\\\/uploads\\\/2019\\\/09\\\/IMG_20190201_120816.jpg?fit=2048%2C1536&ssl=1\",\"width\":2048,\"height\":1536,\"caption\":\"bty\"},{\"@type\":\"BreadcrumbList\",\"@id\":\"https:\\\/\\\/laiguilledutemps.fr\\\/#breadcrumb\",\"itemListElement\":[{\"@type\":\"ListItem\",\"position\":1,\"name\":\"Accueil\",\"item\":\"https:\\\/\\\/laiguilledutemps.fr\\\/\"},{\"@type\":\"ListItem\",\"position\":2,\"name\":\"Qui suis-je?\"}]},{\"@type\":\"WebSite\",\"@id\":\"https:\\\/\\\/laiguilledutemps.fr\\\/#website\",\"url\":\"https:\\\/\\\/laiguilledutemps.fr\\\/\",\"name\":\"Linda Lautour\",\"description\":\"Technicienne Mod\u00e8le Lingerie Baln\u00e9aire Freelance\",\"potentialAction\":[{\"@type\":\"SearchAction\",\"target\":{\"@type\":\"EntryPoint\",\"urlTemplate\":\"https:\\\/\\\/laiguilledutemps.fr\\\/?s={search_term_string}\"},\"query-input\":{\"@type\":\"PropertyValueSpecification\",\"valueRequired\":true,\"valueName\":\"search_term_string\"}}],\"inLanguage\":\"fr-FR\"}]}<\/script>\n<!-- \/ Yoast SEO plugin. -->","yoast_head_json":{"title":"M\u00e9canicienne Technicienne Mod\u00e8le Lingerie baln\u00e9aire prototypes","description":"M\u00e9canicienne Technicienne Mod\u00e8le Lingerie: Je vous propose mes comp\u00e9tences et mon savoir-faire dans la r\u00e9alisation de vos prototypes Lingerie, Baln\u00e9aire, Beachwear.","robots":{"index":"index","follow":"follow","max-snippet":"max-snippet:-1","max-image-preview":"max-image-preview:large","max-video-preview":"max-video-preview:-1"},"canonical":"https:\/\/laiguilledutemps.fr\/","og_locale":"fr_FR","og_type":"article","og_title":"M\u00e9canicienne Technicienne Mod\u00e8le Lingerie baln\u00e9aire prototypes","og_description":"M\u00e9canicienne Technicienne Mod\u00e8le Lingerie: Je vous propose mes comp\u00e9tences et mon savoir-faire dans la r\u00e9alisation de vos prototypes Lingerie, Baln\u00e9aire, Beachwear.","og_url":"https:\/\/laiguilledutemps.fr\/","og_site_name":"Linda Lautour","article_publisher":"https:\/\/www.facebook.com\/aiguilledutemps","article_modified_time":"2020-06-04T19:18:12+00:00","og_image":[{"url":"https:\/\/laiguilledutemps.fr\/wp-content\/uploads\/2019\/09\/IMG_20190201_120816-300x225.jpg","type":"","width":"","height":""}],"twitter_card":"summary_large_image","twitter_misc":{"Dur\u00e9e de lecture estim\u00e9e":"1 minute"},"schema":{"@context":"https:\/\/schema.org","@graph":[{"@type":"WebPage","@id":"https:\/\/laiguilledutemps.fr\/","url":"https:\/\/laiguilledutemps.fr\/","name":"M\u00e9canicienne Technicienne Mod\u00e8le Lingerie baln\u00e9aire prototypes","isPartOf":{"@id":"https:\/\/laiguilledutemps.fr\/#website"},"primaryImageOfPage":{"@id":"https:\/\/laiguilledutemps.fr\/#primaryimage"},"image":{"@id":"https:\/\/laiguilledutemps.fr\/#primaryimage"},"thumbnailUrl":"https:\/\/laiguilledutemps.fr\/wp-content\/uploads\/2019\/09\/IMG_20190201_120816-300x225.jpg","datePublished":"2016-05-10T08:37:31+00:00","dateModified":"2020-06-04T19:18:12+00:00","description":"M\u00e9canicienne Technicienne Mod\u00e8le Lingerie: Je vous propose mes comp\u00e9tences et mon savoir-faire dans la r\u00e9alisation de vos prototypes Lingerie, Baln\u00e9aire, Beachwear.","breadcrumb":{"@id":"https:\/\/laiguilledutemps.fr\/#breadcrumb"},"inLanguage":"fr-FR","potentialAction":[{"@type":"ReadAction","target":["https:\/\/laiguilledutemps.fr\/"]}]},{"@type":"ImageObject","inLanguage":"fr-FR","@id":"https:\/\/laiguilledutemps.fr\/#primaryimage","url":"https:\/\/i0.wp.com\/laiguilledutemps.fr\/wp-content\/uploads\/2019\/09\/IMG_20190201_120816.jpg?fit=2048%2C1536&ssl=1","contentUrl":"https:\/\/i0.wp.com\/laiguilledutemps.fr\/wp-content\/uploads\/2019\/09\/IMG_20190201_120816.jpg?fit=2048%2C1536&ssl=1","width":2048,"height":1536,"caption":"bty"},{"@type":"BreadcrumbList","@id":"https:\/\/laiguilledutemps.fr\/#breadcrumb","itemListElement":[{"@type":"ListItem","position":1,"name":"Accueil","item":"https:\/\/laiguilledutemps.fr\/"},{"@type":"ListItem","position":2,"name":"Qui suis-je?"}]},{"@type":"WebSite","@id":"https:\/\/laiguilledutemps.fr\/#website","url":"https:\/\/laiguilledutemps.fr\/","name":"Linda Lautour","description":"Technicienne Mod\u00e8le Lingerie Baln\u00e9aire Freelance","potentialAction":[{"@type":"SearchAction","target":{"@type":"EntryPoint","urlTemplate":"https:\/\/laiguilledutemps.fr\/?s={search_term_string}"},"query-input":{"@type":"PropertyValueSpecification","valueRequired":true,"valueName":"search_term_string"}}],"inLanguage":"fr-FR"}]}},"jetpack_sharing_enabled":true,"jetpack_shortlink":"https:\/\/wp.me\/P7zI7E-1a","jetpack-related-posts":[{"id":22,"url":"https:\/\/laiguilledutemps.fr\/index.php\/22-2\/","url_meta":{"origin":72,"position":0},"title":"Accueil","author":"LInda Lautour","date":"3 mai 2016","format":false,"excerpt":"M\u00e9canicienne Mod\u00e8le Lingerie Costumi\u00e8re\/ Habilleuse\/ Modiste","rel":"","context":"Article similaire","block_context":{"text":"Article similaire","link":""},"img":{"alt_text":"","src":"","width":0,"height":0},"classes":[]},{"id":66,"url":"https:\/\/laiguilledutemps.fr\/index.php\/cv\/","url_meta":{"origin":72,"position":1},"title":"CV","author":"LInda Lautour","date":"10 mai 2016","format":false,"excerpt":"Exp\u00e9riences Professionnelles: M\u00e9canicienne mod\u00e8le Lingerie\/ Baln\u00e9aire\/ Beachwear:\u00a0 Aubade, Ravage, Darjeeling, Lou, Variance, Bestform, Princesse Tam-Tam, Eres \u00a0 Costumi\u00e8re\/ Habilleuse: Disneyland Resort Paris, Moulin Rouge, Compagnie Pandora, Les Film de la Strada, Jeu de R\u00f4le\/ Grandeur Nature (Harry Potter, Pandorya) \u00a0 Etudes: BEP m\u00e9tiers de la Mode et industrie connexe DTMS\u2026","rel":"","context":"Article similaire","block_context":{"text":"Article similaire","link":""},"img":{"alt_text":"","src":"","width":0,"height":0},"classes":[]},{"id":386,"url":"https:\/\/laiguilledutemps.fr\/index.php\/finaliste-au-concours-un-des-meilleurs-ouvriers-de-france-classe-lingerie-soutien-gorge\/","url_meta":{"origin":72,"position":2},"title":"Article sans titre","author":"Linda Lautour\/ L'Aiguille Du Temps","date":"5 septembre 2019","format":false,"excerpt":"","rel":"","context":"Article similaire","block_context":{"text":"Article similaire","link":""},"img":{"alt_text":"","src":"https:\/\/i0.wp.com\/laiguilledutemps.fr\/wp-content\/uploads\/2019\/09\/DSC_8454.jpg?fit=1200%2C801&ssl=1&resize=350%2C200","width":350,"height":200,"srcset":"https:\/\/i0.wp.com\/laiguilledutemps.fr\/wp-content\/uploads\/2019\/09\/DSC_8454.jpg?fit=1200%2C801&ssl=1&resize=350%2C200 1x, https:\/\/i0.wp.com\/laiguilledutemps.fr\/wp-content\/uploads\/2019\/09\/DSC_8454.jpg?fit=1200%2C801&ssl=1&resize=525%2C300 1.5x, https:\/\/i0.wp.com\/laiguilledutemps.fr\/wp-content\/uploads\/2019\/09\/DSC_8454.jpg?fit=1200%2C801&ssl=1&resize=700%2C400 2x, https:\/\/i0.wp.com\/laiguilledutemps.fr\/wp-content\/uploads\/2019\/09\/DSC_8454.jpg?fit=1200%2C801&ssl=1&resize=1050%2C600 3x"},"classes":[]},{"id":70,"url":"https:\/\/laiguilledutemps.fr\/index.php\/costumiere\/","url_meta":{"origin":72,"position":3},"title":"Costumi\u00e8re","author":"LInda Lautour","date":"10 mai 2016","format":false,"excerpt":"En tant que Costumi\u00e8re je r\u00e9alise des costumes Historiques pour le Th\u00e9\u00e2tre, pour la Reconstitution Historique et pour le Jeu de r\u00f4le Grandeur Nature\u00a0( GN) Suite \u00e0 de diverses exp\u00e9riences dans le Monde du Spectacle et le jeu de r\u00f4le Grandeur Nature, je vous propose mes services dans la r\u00e9alisation\u2026","rel":"","context":"Article similaire","block_context":{"text":"Article similaire","link":""},"img":{"alt_text":"Plan de travail d'une costumi\u00e8re","src":"https:\/\/i0.wp.com\/laiguilledutemps.fr\/wp-content\/uploads\/2016\/05\/Plan-de-Travail-costumi%C3%A8re-300x169.jpg?resize=350%2C200","width":350,"height":200},"classes":[]},{"id":447,"url":"https:\/\/laiguilledutemps.fr\/index.php\/il-etait-une-fois\/","url_meta":{"origin":72,"position":4},"title":"Il \u00e9tait une fois&#8230;","author":"Linda Lautour\/ L'Aiguille Du Temps","date":"1 juin 2020","format":false,"excerpt":"La premi\u00e8re fois que j'ai fait la connaissance avec une aiguille \u00e0 coudre, se fut \u00e0 7 ans. Je passait souvent mes vacances d'\u00e9t\u00e9, chez une de mes tantes, qui adorait faire de la couture. Elle adorait me confectionner des costumes. Donc, comme attirer par ces petites fournitures de mercerie,\u2026","rel":"","context":"Article similaire","block_context":{"text":"Article similaire","link":""},"img":{"alt_text":"","src":"","width":0,"height":0},"classes":[]},{"id":109,"url":"https:\/\/laiguilledutemps.fr\/index.php\/mentions-legales\/","url_meta":{"origin":72,"position":5},"title":"Mentions L\u00e9gales","author":"LInda Lautour","date":"10 mai 2016","format":false,"excerpt":"Le pr\u00e9sent site internet est la propri\u00e9t\u00e9 de Linda Lautour. Directeur de la publication: Linda Lautour Vous pouvez me contacter par mail en cliquant ici. Linda Lautour est membre de la coop\u00e9rative Smart Rennes 8 Place du Colombier 35000 Rennes N\u00b0 Siret: 50158950100052-NAF 8211Z Prestataire technique (h\u00e9bergeur): OVH 2 rue\u2026","rel":"","context":"Article similaire","block_context":{"text":"Article similaire","link":""},"img":{"alt_text":"","src":"","width":0,"height":0},"classes":[]}],"_links":{"self":[{"href":"https:\/\/laiguilledutemps.fr\/index.php\/wp-json\/wp\/v2\/pages\/72","targetHints":{"allow":["GET"]}}],"collection":[{"href":"https:\/\/laiguilledutemps.fr\/index.php\/wp-json\/wp\/v2\/pages"}],"about":[{"href":"https:\/\/laiguilledutemps.fr\/index.php\/wp-json\/wp\/v2\/types\/page"}],"author":[{"embeddable":true,"href":"https:\/\/laiguilledutemps.fr\/index.php\/wp-json\/wp\/v2\/users\/2"}],"replies":[{"embeddable":true,"href":"https:\/\/laiguilledutemps.fr\/index.php\/wp-json\/wp\/v2\/comments?post=72"}],"version-history":[{"count":63,"href":"https:\/\/laiguilledutemps.fr\/index.php\/wp-json\/wp\/v2\/pages\/72\/revisions"}],"predecessor-version":[{"id":513,"href":"https:\/\/laiguilledutemps.fr\/index.php\/wp-json\/wp\/v2\/pages\/72\/revisions\/513"}],"wp:attachment":[{"href":"https:\/\/laiguilledutemps.fr\/index.php\/wp-json\/wp\/v2\/media?parent=72"}],"curies":[{"name":"wp","href":"https:\/\/api.w.org\/{rel}","templated":true}]}}